{"id":4574,"date":"2025-03-07T04:03:11","date_gmt":"2025-03-07T03:03:11","guid":{"rendered":"https:\/\/ebone.es\/catedra\/?page_id=4574"},"modified":"2025-03-07T08:46:01","modified_gmt":"2025-03-07T07:46:01","slug":"comite-cientifico-congreso-cide","status":"publish","type":"page","link":"https:\/\/ebone.es\/catedra\/congreso-cide-2025\/comite-cientifico-congreso-cide\/","title":{"rendered":"Comit\u00e9 Cient\u00edfico Congreso CIDE"},"content":{"rendered":"\t\t<div data-elementor-type=\"wp-page\" data-elementor-id=\"4574\" class=\"elementor elementor-4574\" data-elementor-post-type=\"page\">\n\t\t\t\t<div class=\"elementor-element elementor-element-07f7376 e-flex e-con-boxed e-con e-parent\" data-id=\"07f7376\" data-element_type=\"container\" data-e-type=\"container\" data-settings=\"{&quot;background_background&quot;:&quot;classic&quot;}\">\n\t\t\t\t\t<div class=\"e-con-inner\">\n\t\t<div class=\"elementor-element elementor-element-02decfe e-flex e-con-boxed e-con e-child\" data-id=\"02decfe\" data-element_type=\"container\" data-e-type=\"container\">\n\t\t\t\t\t<div class=\"e-con-inner\">\n\t\t<div class=\"elementor-element elementor-element-607310c e-flex e-con-boxed e-con e-child\" data-id=\"607310c\" data-element_type=\"container\" data-e-type=\"container\">\n\t\t\t\t\t<div class=\"e-con-inner\">\n\t\t\t\t<div class=\"elementor-element elementor-element-abd9368 elementor-widget elementor-widget-heading\" data-id=\"abd9368\" data-element_type=\"widget\" data-e-type=\"widget\" data-widget_type=\"heading.default\">\n\t\t\t\t<div class=\"elementor-widget-container\">\n\t\t\t\t\t<h2 class=\"elementor-heading-title elementor-size-default\">Comit\u00e9 cient\u00edfico del congreso<\/h2>\t\t\t\t<\/div>\n\t\t\t\t<\/div>\n\t\t\t\t\t<\/div>\n\t\t\t\t<\/div>\n\t\t\t\t\t<\/div>\n\t\t\t\t<\/div>\n\t\t\t\t\t<\/div>\n\t\t\t\t<\/div>\n\t\t<div class=\"elementor-element elementor-element-f041ae3 e-flex e-con-boxed e-con e-parent\" data-id=\"f041ae3\" data-element_type=\"container\" data-e-type=\"container\">\n\t\t\t\t\t<div class=\"e-con-inner\">\n\t\t\t\t<div class=\"elementor-element elementor-element-5711548 elementor-nav-menu__align-justify elementor-nav-menu--dropdown-tablet elementor-nav-menu__text-align-aside elementor-nav-menu--toggle elementor-nav-menu--burger elementor-widget elementor-widget-nav-menu\" data-id=\"5711548\" data-element_type=\"widget\" data-e-type=\"widget\" data-settings=\"{&quot;layout&quot;:&quot;horizontal&quot;,&quot;submenu_icon&quot;:{&quot;value&quot;:&quot;&lt;svg class=\\&quot;e-font-icon-svg e-fas-caret-down\\&quot; viewBox=\\&quot;0 0 320 512\\&quot; xmlns=\\&quot;http:\\\/\\\/www.w3.org\\\/2000\\\/svg\\&quot;&gt;&lt;path d=\\&quot;M31.3 192h257.3c17.8 0 26.7 21.5 14.1 34.1L174.1 354.8c-7.8 7.8-20.5 7.8-28.3 0L17.2 226.1C4.6 213.5 13.5 192 31.3 192z\\&quot;&gt;&lt;\\\/path&gt;&lt;\\\/svg&gt;&quot;,&quot;library&quot;:&quot;fa-solid&quot;},&quot;toggle&quot;:&quot;burger&quot;}\" data-widget_type=\"nav-menu.default\">\n\t\t\t\t<div class=\"elementor-widget-container\">\n\t\t\t\t\t\t\t\t<nav aria-label=\"Menu\" class=\"elementor-nav-menu--main elementor-nav-menu__container elementor-nav-menu--layout-horizontal e--pointer-text e--animation-skew\">\n\t\t\t\t<ul id=\"menu-1-5711548\" class=\"elementor-nav-menu\"><li class=\"menu-item menu-item-type-custom menu-item-object-custom menu-item-2059\"><a href=\"#programa\" class=\"elementor-item elementor-item-anchor\">Programa<\/a><\/li>\n<li class=\"menu-item menu-item-type-custom menu-item-object-custom menu-item-2060\"><a href=\"#conferencias\" class=\"elementor-item elementor-item-anchor\">Mesas y conferencias<\/a><\/li>\n<li class=\"menu-item menu-item-type-custom menu-item-object-custom menu-item-2061\"><a href=\"#inscripcion\" class=\"elementor-item elementor-item-anchor\">Inscripci\u00f3n y Tarifas<\/a><\/li>\n<li class=\"menu-item menu-item-type-custom menu-item-object-custom menu-item-2062\"><a href=\"#ponencia\" class=\"elementor-item elementor-item-anchor\">Presentar Ponencia<\/a><\/li>\n<li class=\"menu-item menu-item-type-post_type menu-item-object-page menu-item-4611\"><a href=\"https:\/\/ebone.es\/catedra\/congreso-cide-2025\/comite-cientifico-congreso-cide\/\" class=\"elementor-item\">Comit\u00e9 Cient\u00edfico<\/a><\/li>\n<\/ul>\t\t\t<\/nav>\n\t\t\t\t\t<div class=\"elementor-menu-toggle\" role=\"button\" tabindex=\"0\" aria-label=\"Alternar men\u00fa\" aria-expanded=\"false\">\n\t\t\t<svg aria-hidden=\"true\" role=\"presentation\" class=\"elementor-menu-toggle__icon--open e-font-icon-svg e-eicon-menu-bar\" viewBox=\"0 0 1000 1000\" xmlns=\"http:\/\/www.w3.org\/2000\/svg\"><path d=\"M104 333H896C929 333 958 304 958 271S929 208 896 208H104C71 208 42 237 42 271S71 333 104 333ZM104 583H896C929 583 958 554 958 521S929 458 896 458H104C71 458 42 487 42 521S71 583 104 583ZM104 833H896C929 833 958 804 958 771S929 708 896 708H104C71 708 42 737 42 771S71 833 104 833Z\"><\/path><\/svg><svg aria-hidden=\"true\" role=\"presentation\" class=\"elementor-menu-toggle__icon--close e-font-icon-svg e-eicon-close\" viewBox=\"0 0 1000 1000\" xmlns=\"http:\/\/www.w3.org\/2000\/svg\"><path d=\"M742 167L500 408 258 167C246 154 233 150 217 150 196 150 179 158 167 167 154 179 150 196 150 212 150 229 154 242 171 254L408 500 167 742C138 771 138 800 167 829 196 858 225 858 254 829L496 587 738 829C750 842 767 846 783 846 800 846 817 842 829 829 842 817 846 804 846 783 846 767 842 750 829 737L588 500 833 258C863 229 863 200 833 171 804 137 775 137 742 167Z\"><\/path><\/svg>\t\t<\/div>\n\t\t\t\t\t<nav class=\"elementor-nav-menu--dropdown elementor-nav-menu__container\" aria-hidden=\"true\">\n\t\t\t\t<ul id=\"menu-2-5711548\" class=\"elementor-nav-menu\"><li class=\"menu-item menu-item-type-custom menu-item-object-custom menu-item-2059\"><a href=\"#programa\" class=\"elementor-item elementor-item-anchor\" tabindex=\"-1\">Programa<\/a><\/li>\n<li class=\"menu-item menu-item-type-custom menu-item-object-custom menu-item-2060\"><a href=\"#conferencias\" class=\"elementor-item elementor-item-anchor\" tabindex=\"-1\">Mesas y conferencias<\/a><\/li>\n<li class=\"menu-item menu-item-type-custom menu-item-object-custom menu-item-2061\"><a href=\"#inscripcion\" class=\"elementor-item elementor-item-anchor\" tabindex=\"-1\">Inscripci\u00f3n y Tarifas<\/a><\/li>\n<li class=\"menu-item menu-item-type-custom menu-item-object-custom menu-item-2062\"><a href=\"#ponencia\" class=\"elementor-item elementor-item-anchor\" tabindex=\"-1\">Presentar Ponencia<\/a><\/li>\n<li class=\"menu-item menu-item-type-post_type menu-item-object-page menu-item-4611\"><a href=\"https:\/\/ebone.es\/catedra\/congreso-cide-2025\/comite-cientifico-congreso-cide\/\" class=\"elementor-item\" tabindex=\"-1\">Comit\u00e9 Cient\u00edfico<\/a><\/li>\n<\/ul>\t\t\t<\/nav>\n\t\t\t\t\t\t<\/div>\n\t\t\t\t<\/div>\n\t\t\t\t\t<\/div>\n\t\t\t\t<\/div>\n\t\t<div class=\"elementor-element elementor-element-a41b733 e-flex e-con-boxed e-con e-parent\" data-id=\"a41b733\" data-element_type=\"container\" data-e-type=\"container\">\n\t\t\t\t\t<div class=\"e-con-inner\">\n\t\t\t\t<div class=\"elementor-element elementor-element-994e9f3 elementor-widget elementor-widget-text-editor\" data-id=\"994e9f3\" data-element_type=\"widget\" data-e-type=\"widget\" data-widget_type=\"text-editor.default\">\n\t\t\t\t<div class=\"elementor-widget-container\">\n\t\t\t\t\t\t\t\t\t<p><strong>Dr. D. David Cabello Manrique<\/strong>. Universidad de Granada (chair).<\/p><p><strong>Dr. D. Athanasios Pappous. <\/strong>Universidad de Bolonia (Italia).<\/p><p><strong>Dr. Mario Teixeira. <\/strong>Universidad de \u00c9vora (Portugal).<\/p><p><strong>Dr. Miran Kondric. <\/strong>Universidad de Ljubljana (Eslovenia).<\/p><p><strong>Dr. Borja Garc\u00eda. <\/strong>Universidad de Loughborough (UK).<\/p><p><strong>Dra. D\u00aa Angela Jasmin Gomez Hincapie. <\/strong>Universidad Tecnol\u00f3gica de Pereira (Colombia).<\/p><p><strong>Dr. D. Alberto Nuviala Nuviala. <\/strong>Universidad Pablo de Olavide.<\/p><p><strong>Dr. D. Jos\u00e9 Emilio Jim\u00e9nez-Beatty Navarro<\/strong>. Universidad de Alcal\u00e1.<\/p><p><strong>Dr<\/strong>. <strong>D. Jos\u00e9 Antonio Santacruz Lozano<\/strong>. Universidad de Alcal\u00e1.<\/p><p><strong>Dr<\/strong>. <strong>D. \u00c1ngel Luis Clemente Rem\u00f3n<\/strong>. Universidad de Alcal\u00e1.<\/p><p><strong>Dr. D. Antonio Fern\u00e1ndez Mart\u00ednez. <\/strong>Universidad Pablo de Olavide.<\/p><p><strong>Dra<\/strong>. <strong>D\u00aa Leonor Gallardo Guerrero<\/strong>. Universidad de CLM.<\/p><p><strong>Dr. D. David Valad\u00e9s Cerrato. <\/strong>Universidad de Alcal\u00e1.<\/p><p><strong>Dr.<\/strong> <strong>D. Juan Carlos Guevara P\u00e9rez.<\/strong> Universidad de Zaragoza.<\/p><p><strong>Dr. D. Jordi Segu\u00ed Urbaneja<\/strong>. Universidad de Lleida.<\/p><p><strong>Dr. D. Ignacio Jim\u00e9nez Soto.<\/strong> Universidad de Granada.<\/p><p><strong>Dr. D. Francisco Miguel Bombillar S\u00e1enz.<\/strong> Universidad de Granada.<\/p><p><strong>Dr. D. Javier Luna Quesada.<\/strong> Universidad de Granada.<\/p><p><strong>Dr. D. Antonio Francisco Roca Cruz.<\/strong> Universidad de Granada.<\/p><p><strong>Dra. D\u00aa. Esther Puga Gonz\u00e1lez.<\/strong> Universidad de Granada.<\/p><p><strong>Dra.D\u00aa. Esther Ubago Guisado<\/strong>. Universidad de Granada.<\/p><p><strong>Dra. D\u00aa. Cristina Cadenas S\u00e1nchez.<\/strong> Universidad de Granada.<\/p><p><strong>Dr<\/strong>. <strong>Josu\u00e9 Gonz\u00e1lez Ruiz<\/strong>. Universidad de Granada.<\/p><p><strong>Dr. Antonio Aznar Ballesta.<\/strong> Universidad de Granada<\/p>\t\t\t\t\t\t\t\t<\/div>\n\t\t\t\t<\/div>\n\t\t\t\t\t<\/div>\n\t\t\t\t<\/div>\n\t\t\t\t<\/div>\n\t\t","protected":false},"excerpt":{"rendered":"<p>Comit\u00e9 cient\u00edfico del congreso Dr. D. David Cabello Manrique. Universidad de Granada (chair). Dr. D. Athanasios Pappous. Universidad de Bolonia (Italia). Dr. Mario Teixeira. Universidad de \u00c9vora (Portugal). Dr. Miran Kondric. Universidad de Ljubljana (Eslovenia). Dr. Borja Garc\u00eda. Universidad de Loughborough (UK). Dra. D\u00aa Angela Jasmin Gomez Hincapie. Universidad Tecnol\u00f3gica de Pereira (Colombia). Dr. D. [&hellip;]<\/p>\n","protected":false},"author":2,"featured_media":0,"parent":2004,"menu_order":0,"comment_status":"closed","ping_status":"closed","template":"elementor_header_footer","meta":{"footnotes":""},"class_list":["post-4574","page","type-page","status-publish","hentry"],"yoast_head":"<!-- This site is optimized with the Yoast SEO plugin v27.2 - https:\/\/yoast.com\/product\/yoast-seo-wordpress\/ -->\n<title>Comit\u00e9 Cient\u00edfico Congreso CIDE | C\u00e1tedra Innovaci\u00f3n Deportiva Ebone<\/title>\n<meta name=\"robots\" content=\"index, follow, max-snippet:-1, max-image-preview:large, max-video-preview:-1\" \/>\n<link rel=\"canonical\" href=\"https:\/\/ebone.es\/catedra\/congreso-cide-2025\/comite-cientifico-congreso-cide\/\" \/>\n<meta property=\"og:locale\" content=\"es_ES\" \/>\n<meta property=\"og:type\" content=\"article\" \/>\n<meta property=\"og:title\" content=\"Comit\u00e9 Cient\u00edfico Congreso CIDE | C\u00e1tedra Innovaci\u00f3n Deportiva Ebone\" \/>\n<meta property=\"og:description\" content=\"Comit\u00e9 cient\u00edfico del congreso Dr. D. David Cabello Manrique. Universidad de Granada (chair). Dr. D. Athanasios Pappous. Universidad de Bolonia (Italia). Dr. Mario Teixeira. Universidad de \u00c9vora (Portugal). Dr. Miran Kondric. Universidad de Ljubljana (Eslovenia). Dr. Borja Garc\u00eda. Universidad de Loughborough (UK). Dra. D\u00aa Angela Jasmin Gomez Hincapie. Universidad Tecnol\u00f3gica de Pereira (Colombia). Dr. D. [&hellip;]\" \/>\n<meta property=\"og:url\" content=\"https:\/\/ebone.es\/catedra\/congreso-cide-2025\/comite-cientifico-congreso-cide\/\" \/>\n<meta property=\"og:site_name\" content=\"C\u00e1tedra Innovaci\u00f3n Deportiva Ebone\" \/>\n<meta property=\"article:modified_time\" content=\"2025-03-07T07:46:01+00:00\" \/>\n<meta name=\"twitter:card\" content=\"summary_large_image\" \/>\n<meta name=\"twitter:label1\" content=\"Tiempo de lectura\" \/>\n\t<meta name=\"twitter:data1\" content=\"2 minutos\" \/>\n<script type=\"application\/ld+json\" class=\"yoast-schema-graph\">{\"@context\":\"https:\/\/schema.org\",\"@graph\":[{\"@type\":\"WebPage\",\"@id\":\"https:\/\/ebone.es\/catedra\/congreso-cide-2025\/comite-cientifico-congreso-cide\/\",\"url\":\"https:\/\/ebone.es\/catedra\/congreso-cide-2025\/comite-cientifico-congreso-cide\/\",\"name\":\"Comit\u00e9 Cient\u00edfico Congreso CIDE | C\u00e1tedra Innovaci\u00f3n Deportiva Ebone\",\"isPartOf\":{\"@id\":\"https:\/\/ebone.es\/catedra\/#website\"},\"datePublished\":\"2025-03-07T03:03:11+00:00\",\"dateModified\":\"2025-03-07T07:46:01+00:00\",\"breadcrumb\":{\"@id\":\"https:\/\/ebone.es\/catedra\/congreso-cide-2025\/comite-cientifico-congreso-cide\/#breadcrumb\"},\"inLanguage\":\"es\",\"potentialAction\":[{\"@type\":\"ReadAction\",\"target\":[\"https:\/\/ebone.es\/catedra\/congreso-cide-2025\/comite-cientifico-congreso-cide\/\"]}]},{\"@type\":\"BreadcrumbList\",\"@id\":\"https:\/\/ebone.es\/catedra\/congreso-cide-2025\/comite-cientifico-congreso-cide\/#breadcrumb\",\"itemListElement\":[{\"@type\":\"ListItem\",\"position\":1,\"name\":\"Portada\",\"item\":\"https:\/\/ebone.es\/catedra\/\"},{\"@type\":\"ListItem\",\"position\":2,\"name\":\"Congreso CIDE 2025\",\"item\":\"https:\/\/ebone.es\/catedra\/congreso-cide-2025\/\"},{\"@type\":\"ListItem\",\"position\":3,\"name\":\"Comit\u00e9 Cient\u00edfico Congreso CIDE\"}]},{\"@type\":\"WebSite\",\"@id\":\"https:\/\/ebone.es\/catedra\/#website\",\"url\":\"https:\/\/ebone.es\/catedra\/\",\"name\":\"C\u00e1tedra Innovaci\u00f3n Deportiva Ebone\",\"description\":\"\",\"publisher\":{\"@id\":\"https:\/\/ebone.es\/catedra\/#organization\"},\"potentialAction\":[{\"@type\":\"SearchAction\",\"target\":{\"@type\":\"EntryPoint\",\"urlTemplate\":\"https:\/\/ebone.es\/catedra\/?s={search_term_string}\"},\"query-input\":{\"@type\":\"PropertyValueSpecification\",\"valueRequired\":true,\"valueName\":\"search_term_string\"}}],\"inLanguage\":\"es\"},{\"@type\":\"Organization\",\"@id\":\"https:\/\/ebone.es\/catedra\/#organization\",\"name\":\"C\u00e1tedra en Innovaci\u00f3n Deportiva Ebone\",\"url\":\"https:\/\/ebone.es\/catedra\/\",\"logo\":{\"@type\":\"ImageObject\",\"inLanguage\":\"es\",\"@id\":\"https:\/\/ebone.es\/catedra\/#\/schema\/logo\/image\/\",\"url\":\"https:\/\/ebone.es\/catedra\/wp-content\/uploads\/2019\/07\/logo-sticky.png\",\"contentUrl\":\"https:\/\/ebone.es\/catedra\/wp-content\/uploads\/2019\/07\/logo-sticky.png\",\"width\":183,\"height\":51,\"caption\":\"C\u00e1tedra en Innovaci\u00f3n Deportiva Ebone\"},\"image\":{\"@id\":\"https:\/\/ebone.es\/catedra\/#\/schema\/logo\/image\/\"}}]}<\/script>\n<!-- \/ Yoast SEO plugin. -->","yoast_head_json":{"title":"Comit\u00e9 Cient\u00edfico Congreso CIDE | C\u00e1tedra Innovaci\u00f3n Deportiva Ebone","robots":{"index":"index","follow":"follow","max-snippet":"max-snippet:-1","max-image-preview":"max-image-preview:large","max-video-preview":"max-video-preview:-1"},"canonical":"https:\/\/ebone.es\/catedra\/congreso-cide-2025\/comite-cientifico-congreso-cide\/","og_locale":"es_ES","og_type":"article","og_title":"Comit\u00e9 Cient\u00edfico Congreso CIDE | C\u00e1tedra Innovaci\u00f3n Deportiva Ebone","og_description":"Comit\u00e9 cient\u00edfico del congreso Dr. D. David Cabello Manrique. Universidad de Granada (chair). Dr. D. Athanasios Pappous. Universidad de Bolonia (Italia). Dr. Mario Teixeira. Universidad de \u00c9vora (Portugal). Dr. Miran Kondric. Universidad de Ljubljana (Eslovenia). Dr. Borja Garc\u00eda. Universidad de Loughborough (UK). Dra. D\u00aa Angela Jasmin Gomez Hincapie. Universidad Tecnol\u00f3gica de Pereira (Colombia). Dr. D. [&hellip;]","og_url":"https:\/\/ebone.es\/catedra\/congreso-cide-2025\/comite-cientifico-congreso-cide\/","og_site_name":"C\u00e1tedra Innovaci\u00f3n Deportiva Ebone","article_modified_time":"2025-03-07T07:46:01+00:00","twitter_card":"summary_large_image","twitter_misc":{"Tiempo de lectura":"2 minutos"},"schema":{"@context":"https:\/\/schema.org","@graph":[{"@type":"WebPage","@id":"https:\/\/ebone.es\/catedra\/congreso-cide-2025\/comite-cientifico-congreso-cide\/","url":"https:\/\/ebone.es\/catedra\/congreso-cide-2025\/comite-cientifico-congreso-cide\/","name":"Comit\u00e9 Cient\u00edfico Congreso CIDE | C\u00e1tedra Innovaci\u00f3n Deportiva Ebone","isPartOf":{"@id":"https:\/\/ebone.es\/catedra\/#website"},"datePublished":"2025-03-07T03:03:11+00:00","dateModified":"2025-03-07T07:46:01+00:00","breadcrumb":{"@id":"https:\/\/ebone.es\/catedra\/congreso-cide-2025\/comite-cientifico-congreso-cide\/#breadcrumb"},"inLanguage":"es","potentialAction":[{"@type":"ReadAction","target":["https:\/\/ebone.es\/catedra\/congreso-cide-2025\/comite-cientifico-congreso-cide\/"]}]},{"@type":"BreadcrumbList","@id":"https:\/\/ebone.es\/catedra\/congreso-cide-2025\/comite-cientifico-congreso-cide\/#breadcrumb","itemListElement":[{"@type":"ListItem","position":1,"name":"Portada","item":"https:\/\/ebone.es\/catedra\/"},{"@type":"ListItem","position":2,"name":"Congreso CIDE 2025","item":"https:\/\/ebone.es\/catedra\/congreso-cide-2025\/"},{"@type":"ListItem","position":3,"name":"Comit\u00e9 Cient\u00edfico Congreso CIDE"}]},{"@type":"WebSite","@id":"https:\/\/ebone.es\/catedra\/#website","url":"https:\/\/ebone.es\/catedra\/","name":"C\u00e1tedra Innovaci\u00f3n Deportiva Ebone","description":"","publisher":{"@id":"https:\/\/ebone.es\/catedra\/#organization"},"potentialAction":[{"@type":"SearchAction","target":{"@type":"EntryPoint","urlTemplate":"https:\/\/ebone.es\/catedra\/?s={search_term_string}"},"query-input":{"@type":"PropertyValueSpecification","valueRequired":true,"valueName":"search_term_string"}}],"inLanguage":"es"},{"@type":"Organization","@id":"https:\/\/ebone.es\/catedra\/#organization","name":"C\u00e1tedra en Innovaci\u00f3n Deportiva Ebone","url":"https:\/\/ebone.es\/catedra\/","logo":{"@type":"ImageObject","inLanguage":"es","@id":"https:\/\/ebone.es\/catedra\/#\/schema\/logo\/image\/","url":"https:\/\/ebone.es\/catedra\/wp-content\/uploads\/2019\/07\/logo-sticky.png","contentUrl":"https:\/\/ebone.es\/catedra\/wp-content\/uploads\/2019\/07\/logo-sticky.png","width":183,"height":51,"caption":"C\u00e1tedra en Innovaci\u00f3n Deportiva Ebone"},"image":{"@id":"https:\/\/ebone.es\/catedra\/#\/schema\/logo\/image\/"}}]}},"_links":{"self":[{"href":"https:\/\/ebone.es\/catedra\/wp-json\/wp\/v2\/pages\/4574","targetHints":{"allow":["GET"]}}],"collection":[{"href":"https:\/\/ebone.es\/catedra\/wp-json\/wp\/v2\/pages"}],"about":[{"href":"https:\/\/ebone.es\/catedra\/wp-json\/wp\/v2\/types\/page"}],"author":[{"embeddable":true,"href":"https:\/\/ebone.es\/catedra\/wp-json\/wp\/v2\/users\/2"}],"replies":[{"embeddable":true,"href":"https:\/\/ebone.es\/catedra\/wp-json\/wp\/v2\/comments?post=4574"}],"version-history":[{"count":25,"href":"https:\/\/ebone.es\/catedra\/wp-json\/wp\/v2\/pages\/4574\/revisions"}],"predecessor-version":[{"id":4620,"href":"https:\/\/ebone.es\/catedra\/wp-json\/wp\/v2\/pages\/4574\/revisions\/4620"}],"up":[{"embeddable":true,"href":"https:\/\/ebone.es\/catedra\/wp-json\/wp\/v2\/pages\/2004"}],"wp:attachment":[{"href":"https:\/\/ebone.es\/catedra\/wp-json\/wp\/v2\/media?parent=4574"}],"curies":[{"name":"wp","href":"https:\/\/api.w.org\/{rel}","templated":true}]}}