{"id":4289,"date":"2024-11-05T10:17:33","date_gmt":"2024-11-05T09:17:33","guid":{"rendered":"https:\/\/ebone.es\/catedra\/?page_id=4289"},"modified":"2024-11-05T12:43:04","modified_gmt":"2024-11-05T11:43:04","slug":"presentar-ponencia","status":"publish","type":"page","link":"https:\/\/ebone.es\/catedra\/congreso-cide-2025\/presentar-ponencia\/","title":{"rendered":"Presentar ponencia"},"content":{"rendered":"\t\t<div data-elementor-type=\"wp-page\" data-elementor-id=\"4289\" class=\"elementor elementor-4289\" data-elementor-post-type=\"page\">\n\t\t\t\t<div class=\"elementor-element elementor-element-bd1f91d e-flex e-con-boxed e-con e-parent\" data-id=\"bd1f91d\" data-element_type=\"container\" data-e-type=\"container\" data-settings=\"{&quot;background_background&quot;:&quot;classic&quot;}\">\n\t\t\t\t\t<div class=\"e-con-inner\">\n\t\t<div class=\"elementor-element elementor-element-d067522 e-flex e-con-boxed e-con e-child\" data-id=\"d067522\" data-element_type=\"container\" data-e-type=\"container\">\n\t\t\t\t\t<div class=\"e-con-inner\">\n\t\t\t\t<div class=\"elementor-element elementor-element-2b80b00 elementor-widget elementor-widget-heading\" data-id=\"2b80b00\" data-element_type=\"widget\" data-e-type=\"widget\" data-widget_type=\"heading.default\">\n\t\t\t\t<div class=\"elementor-widget-container\">\n\t\t\t\t\t<h2 class=\"elementor-heading-title elementor-size-default\">Presentaci\u00f3n de trabajos<\/h2>\t\t\t\t<\/div>\n\t\t\t\t<\/div>\n\t\t\t\t<div class=\"elementor-element elementor-element-b9902a8 elementor-button-align-stretch elementor-widget elementor-widget-form\" data-id=\"b9902a8\" data-element_type=\"widget\" data-e-type=\"widget\" data-settings=\"{&quot;step_next_label&quot;:&quot;Next&quot;,&quot;step_previous_label&quot;:&quot;Previous&quot;,&quot;button_width&quot;:&quot;100&quot;,&quot;step_type&quot;:&quot;number_text&quot;,&quot;step_icon_shape&quot;:&quot;circle&quot;}\" data-widget_type=\"form.default\">\n\t\t\t\t<div class=\"elementor-widget-container\">\n\t\t\t\t\t\t\t<form class=\"elementor-form\" method=\"post\" name=\"Presentaci\u00f3n de Trabajos Congreso CIDE 2025\" aria-label=\"Presentaci\u00f3n de Trabajos Congreso CIDE 2025\">\n\t\t\t<input type=\"hidden\" name=\"post_id\" value=\"4289\"\/>\n\t\t\t<input type=\"hidden\" name=\"form_id\" value=\"b9902a8\"\/>\n\t\t\t<input type=\"hidden\" name=\"referer_title\" value=\"Presentar ponencia | C\u00e1tedra Innovaci\u00f3n Deportiva Ebone\" \/>\n\n\t\t\t\t\t\t\t<input type=\"hidden\" name=\"queried_id\" value=\"4289\"\/>\n\t\t\t\n\t\t\t<div class=\"elementor-form-fields-wrapper elementor-labels-above\">\n\t\t\t\t\t\t\t\t<div class=\"elementor-field-type-email elementor-field-group elementor-column elementor-field-group-email elementor-col-100 elementor-field-required\">\n\t\t\t\t\t\t\t\t\t\t\t\t<label for=\"form-field-email\" class=\"elementor-field-label\">\n\t\t\t\t\t\t\t\tCorreo electr\u00f3nico de contacto\t\t\t\t\t\t\t<\/label>\n\t\t\t\t\t\t\t\t\t\t\t\t\t\t<input size=\"1\" type=\"email\" name=\"form_fields[email]\" id=\"form-field-email\" class=\"elementor-field elementor-size-sm  elementor-field-textual\" placeholder=\"Email\" required=\"required\">\n\t\t\t\t\t\t\t\t\t\t\t<\/div>\n\t\t\t\t\t\t\t\t<div class=\"elementor-field-type-text elementor-field-group elementor-column elementor-field-group-name elementor-col-100 elementor-field-required\">\n\t\t\t\t\t\t\t\t\t\t\t\t<label for=\"form-field-name\" class=\"elementor-field-label\">\n\t\t\t\t\t\t\t\tT\u00edtulo del trabajo\t\t\t\t\t\t\t<\/label>\n\t\t\t\t\t\t\t\t\t\t\t\t\t\t<input size=\"1\" type=\"text\" name=\"form_fields[name]\" id=\"form-field-name\" class=\"elementor-field elementor-size-sm  elementor-field-textual\" placeholder=\"T\u00edtulo\" required=\"required\">\n\t\t\t\t\t\t\t\t\t\t\t<\/div>\n\t\t\t\t\t\t\t\t<div class=\"elementor-field-type-text elementor-field-group elementor-column elementor-field-group-field_e1b8172 elementor-col-100 elementor-field-required\">\n\t\t\t\t\t\t\t\t\t\t\t\t<label for=\"form-field-field_e1b8172\" class=\"elementor-field-label\">\n\t\t\t\t\t\t\t\tAutores\t\t\t\t\t\t\t<\/label>\n\t\t\t\t\t\t\t\t\t\t\t\t\t\t<input size=\"1\" type=\"text\" name=\"form_fields[field_e1b8172]\" id=\"form-field-field_e1b8172\" class=\"elementor-field elementor-size-sm  elementor-field-textual\" placeholder=\"Nombre completo 1, Nombre completo 2,...\" required=\"required\">\n\t\t\t\t\t\t\t\t\t\t\t<\/div>\n\t\t\t\t\t\t\t\t<div class=\"elementor-field-type-text elementor-field-group elementor-column elementor-field-group-field_0405f0f elementor-col-100 elementor-field-required\">\n\t\t\t\t\t\t\t\t\t\t\t\t<label for=\"form-field-field_0405f0f\" class=\"elementor-field-label\">\n\t\t\t\t\t\t\t\tAfiliaciones\t\t\t\t\t\t\t<\/label>\n\t\t\t\t\t\t\t\t\t\t\t\t\t\t<input size=\"1\" type=\"text\" name=\"form_fields[field_0405f0f]\" id=\"form-field-field_0405f0f\" class=\"elementor-field elementor-size-sm  elementor-field-textual\" placeholder=\"Universidades\/organizaciones\" required=\"required\">\n\t\t\t\t\t\t\t\t\t\t\t<\/div>\n\t\t\t\t\t\t\t\t<div class=\"elementor-field-type-textarea elementor-field-group elementor-column elementor-field-group-field_2d11d65 elementor-col-100 elementor-field-required\">\n\t\t\t\t\t\t\t\t\t\t\t\t<label for=\"form-field-field_2d11d65\" class=\"elementor-field-label\">\n\t\t\t\t\t\t\t\tResumen (m\u00e1ximo 300 palabras: introducci\u00f3n, m\u00e9todos, resultados y conclusi\u00f3n)\t\t\t\t\t\t\t<\/label>\n\t\t\t\t\t\t<textarea class=\"elementor-field-textual elementor-field  elementor-size-sm\" name=\"form_fields[field_2d11d65]\" id=\"form-field-field_2d11d65\" rows=\"4\" placeholder=\"Resumen\" required=\"required\"><\/textarea>\t\t\t\t<\/div>\n\t\t\t\t\t\t\t\t<div class=\"elementor-field-type-upload elementor-field-group elementor-column elementor-field-group-field_2b5ac8a elementor-col-100\">\n\t\t\t\t\t\t\t\t\t\t\t\t<label for=\"form-field-field_2b5ac8a\" class=\"elementor-field-label\">\n\t\t\t\t\t\t\t\tTabla o ilustraci\u00f3n (M\u00e1ximo 1) [Tama\u00f1o m\u00e1ximo: 2Mb]\t\t\t\t\t\t\t<\/label>\n\t\t\t\t\t\t\t\t<input type=\"file\" name=\"form_fields[field_2b5ac8a]\" id=\"form-field-field_2b5ac8a\" class=\"elementor-field elementor-size-sm  elementor-upload-field\" data-maxsize=\"2\" data-maxsize-message=\"Este archivo excede el tama\u00f1o m\u00e1ximo permitido.\">\n\n\t\t\t\t\t\t<\/div>\n\t\t\t\t\t\t\t\t<div class=\"elementor-field-type-select elementor-field-group elementor-column elementor-field-group-field_b710986 elementor-col-100 elementor-field-required\">\n\t\t\t\t\t\t\t\t\t\t\t\t<label for=\"form-field-field_b710986\" class=\"elementor-field-label\">\n\t\t\t\t\t\t\t\tModelo de presentaci\u00f3n solicitada\t\t\t\t\t\t\t<\/label>\n\t\t\t\t\t\t\t\t<div class=\"elementor-field elementor-select-wrapper remove-before \">\n\t\t\t<div class=\"select-caret-down-wrapper\">\n\t\t\t\t<svg aria-hidden=\"true\" class=\"e-font-icon-svg e-eicon-caret-down\" viewBox=\"0 0 571.4 571.4\" xmlns=\"http:\/\/www.w3.org\/2000\/svg\"><path d=\"M571 393Q571 407 561 418L311 668Q300 679 286 679T261 668L11 418Q0 407 0 393T11 368 36 357H536Q550 357 561 368T571 393Z\"><\/path><\/svg>\t\t\t<\/div>\n\t\t\t<select name=\"form_fields[field_b710986]\" id=\"form-field-field_b710986\" class=\"elementor-field-textual elementor-size-sm\" required=\"required\">\n\t\t\t\t\t\t\t\t\t<option value=\"Elegir una opci\u00f3n\">Elegir una opci\u00f3n<\/option>\n\t\t\t\t\t\t\t\t\t<option value=\"Comunicaci\u00f3n oral\">Comunicaci\u00f3n oral<\/option>\n\t\t\t\t\t\t\t\t\t<option value=\"P\u00f3ster\">P\u00f3ster<\/option>\n\t\t\t\t\t\t\t<\/select>\n\t\t<\/div>\n\t\t\t\t\t\t<\/div>\n\t\t\t\t\t\t\t\t<div class=\"elementor-field-type-acceptance elementor-field-group elementor-column elementor-field-group-field_7410e32 elementor-col-100\">\n\t\t\t\t\t\t\t<div class=\"elementor-field-subgroup\">\n\t\t\t<span class=\"elementor-field-option\">\n\t\t\t\t<input type=\"checkbox\" name=\"form_fields[field_7410e32]\" id=\"form-field-field_7410e32\" class=\"elementor-field elementor-size-sm  elementor-acceptance-field\">\n\t\t\t\t<label for=\"form-field-field_7410e32\">Marca si quieres optar a los premios<\/label>\t\t\t<\/span>\n\t\t<\/div>\n\t\t\t\t\t\t<\/div>\n\t\t\t\t\t\t\t\t<div class=\"elementor-field-type-text elementor-field-group elementor-column elementor-field-group-field_99a2b5c elementor-col-100\">\n\t\t\t\t\t\t\t\t\t\t\t\t<label for=\"form-field-field_99a2b5c\" class=\"elementor-field-label\">\n\t\t\t\t\t\t\t\t\u00bfEst\u00e1 tu trabajo basado en un TFG\/TFM? Introduce un enlace de descarga (WeTransfer\/Google Drive\/etc)\t\t\t\t\t\t\t<\/label>\n\t\t\t\t\t\t\t\t\t\t\t\t\t\t<input size=\"1\" type=\"text\" name=\"form_fields[field_99a2b5c]\" id=\"form-field-field_99a2b5c\" class=\"elementor-field elementor-size-sm  elementor-field-textual\">\n\t\t\t\t\t\t\t\t\t\t\t<\/div>\n\t\t\t\t\t\t\t\t<div class=\"elementor-field-group elementor-column elementor-field-type-submit elementor-col-100 e-form__buttons\">\n\t\t\t\t\t<button class=\"elementor-button elementor-size-sm\" type=\"submit\">\n\t\t\t\t\t\t<span class=\"elementor-button-content-wrapper\">\n\t\t\t\t\t\t\t\t\t\t\t\t\t\t\t\t\t\t\t\t\t\t<span class=\"elementor-button-text\">Enviar trabajo<\/span>\n\t\t\t\t\t\t\t\t\t\t\t\t\t<\/span>\n\t\t\t\t\t<\/button>\n\t\t\t\t<\/div>\n\t\t\t<\/div>\n\t\t<\/form>\n\t\t\t\t\t\t<\/div>\n\t\t\t\t<\/div>\n\t\t\t\t<div class=\"elementor-element elementor-element-cfb6aae elementor-widget elementor-widget-html\" data-id=\"cfb6aae\" data-element_type=\"widget\" data-e-type=\"widget\" data-widget_type=\"html.default\">\n\t\t\t\t<div class=\"elementor-widget-container\">\n\t\t\t\t\t<script>\ndocument.addEventListener(\"DOMContentLoaded\", function() {\n    const textArea = document.querySelector(\"#form-field-field_2d11d65\");\n    const wordLimit = 300;\n    \n    \/\/ Crear un contador\n    const counter = document.createElement(\"div\");\n    counter.id = \"word-counter\";\n    counter.style.marginTop = \"10px\";\n    counter.style.fontSize = \"14px\";\n    counter.style.fontFamily = \"Montserrat, sans-serif\";\n    counter.style.color = \"white\";\n    textArea.parentNode.appendChild(counter);\n\n    \/\/ Actualizar el contador al escribir\n    textArea.addEventListener(\"input\", function() {\n        let words = textArea.value.trim().split(\/\\s+\/).filter(word => word.length > 0);\n        if (words.length > wordLimit) {\n            words = words.slice(0, wordLimit);\n            textArea.value = words.join(\" \");\n        }\n        counter.textContent = `Palabras: ${words.length}\/${wordLimit}`;\n    });\n});\n<\/script>\n\t\t\t\t<\/div>\n\t\t\t\t<\/div>\n\t\t\t\t\t<\/div>\n\t\t\t\t<\/div>\n\t\t\t\t\t<\/div>\n\t\t\t\t<\/div>\n\t\t\t\t<\/div>\n\t\t","protected":false},"excerpt":{"rendered":"<p>Presentaci\u00f3n de trabajos<\/p>\n","protected":false},"author":2,"featured_media":0,"parent":2004,"menu_order":0,"comment_status":"closed","ping_status":"closed","template":"elementor_canvas","meta":{"footnotes":""},"class_list":["post-4289","page","type-page","status-publish","hentry"],"yoast_head":"<!-- This site is optimized with the Yoast SEO plugin v27.2 - https:\/\/yoast.com\/product\/yoast-seo-wordpress\/ -->\n<title>Presentar ponencia | C\u00e1tedra Innovaci\u00f3n Deportiva Ebone<\/title>\n<meta name=\"robots\" content=\"index, follow, max-snippet:-1, max-image-preview:large, max-video-preview:-1\" \/>\n<link rel=\"canonical\" href=\"https:\/\/ebone.es\/catedra\/congreso-cide-2025\/presentar-ponencia\/\" \/>\n<meta property=\"og:locale\" content=\"es_ES\" \/>\n<meta property=\"og:type\" content=\"article\" \/>\n<meta property=\"og:title\" content=\"Presentar ponencia | C\u00e1tedra Innovaci\u00f3n Deportiva Ebone\" \/>\n<meta property=\"og:description\" content=\"Presentaci\u00f3n de trabajos\" \/>\n<meta property=\"og:url\" content=\"https:\/\/ebone.es\/catedra\/congreso-cide-2025\/presentar-ponencia\/\" \/>\n<meta property=\"og:site_name\" content=\"C\u00e1tedra Innovaci\u00f3n Deportiva Ebone\" \/>\n<meta property=\"article:modified_time\" content=\"2024-11-05T11:43:04+00:00\" \/>\n<meta name=\"twitter:card\" content=\"summary_large_image\" \/>\n<meta name=\"twitter:label1\" content=\"Tiempo de lectura\" \/>\n\t<meta name=\"twitter:data1\" content=\"1 minuto\" \/>\n<script type=\"application\/ld+json\" class=\"yoast-schema-graph\">{\"@context\":\"https:\/\/schema.org\",\"@graph\":[{\"@type\":\"WebPage\",\"@id\":\"https:\/\/ebone.es\/catedra\/congreso-cide-2025\/presentar-ponencia\/\",\"url\":\"https:\/\/ebone.es\/catedra\/congreso-cide-2025\/presentar-ponencia\/\",\"name\":\"Presentar ponencia | C\u00e1tedra Innovaci\u00f3n Deportiva Ebone\",\"isPartOf\":{\"@id\":\"https:\/\/ebone.es\/catedra\/#website\"},\"datePublished\":\"2024-11-05T09:17:33+00:00\",\"dateModified\":\"2024-11-05T11:43:04+00:00\",\"breadcrumb\":{\"@id\":\"https:\/\/ebone.es\/catedra\/congreso-cide-2025\/presentar-ponencia\/#breadcrumb\"},\"inLanguage\":\"es\",\"potentialAction\":[{\"@type\":\"ReadAction\",\"target\":[\"https:\/\/ebone.es\/catedra\/congreso-cide-2025\/presentar-ponencia\/\"]}]},{\"@type\":\"BreadcrumbList\",\"@id\":\"https:\/\/ebone.es\/catedra\/congreso-cide-2025\/presentar-ponencia\/#breadcrumb\",\"itemListElement\":[{\"@type\":\"ListItem\",\"position\":1,\"name\":\"Portada\",\"item\":\"https:\/\/ebone.es\/catedra\/\"},{\"@type\":\"ListItem\",\"position\":2,\"name\":\"Congreso CIDE 2025\",\"item\":\"https:\/\/ebone.es\/catedra\/congreso-cide-2025\/\"},{\"@type\":\"ListItem\",\"position\":3,\"name\":\"Presentar ponencia\"}]},{\"@type\":\"WebSite\",\"@id\":\"https:\/\/ebone.es\/catedra\/#website\",\"url\":\"https:\/\/ebone.es\/catedra\/\",\"name\":\"C\u00e1tedra Innovaci\u00f3n Deportiva Ebone\",\"description\":\"\",\"publisher\":{\"@id\":\"https:\/\/ebone.es\/catedra\/#organization\"},\"potentialAction\":[{\"@type\":\"SearchAction\",\"target\":{\"@type\":\"EntryPoint\",\"urlTemplate\":\"https:\/\/ebone.es\/catedra\/?s={search_term_string}\"},\"query-input\":{\"@type\":\"PropertyValueSpecification\",\"valueRequired\":true,\"valueName\":\"search_term_string\"}}],\"inLanguage\":\"es\"},{\"@type\":\"Organization\",\"@id\":\"https:\/\/ebone.es\/catedra\/#organization\",\"name\":\"C\u00e1tedra en Innovaci\u00f3n Deportiva Ebone\",\"url\":\"https:\/\/ebone.es\/catedra\/\",\"logo\":{\"@type\":\"ImageObject\",\"inLanguage\":\"es\",\"@id\":\"https:\/\/ebone.es\/catedra\/#\/schema\/logo\/image\/\",\"url\":\"https:\/\/ebone.es\/catedra\/wp-content\/uploads\/2019\/07\/logo-sticky.png\",\"contentUrl\":\"https:\/\/ebone.es\/catedra\/wp-content\/uploads\/2019\/07\/logo-sticky.png\",\"width\":183,\"height\":51,\"caption\":\"C\u00e1tedra en Innovaci\u00f3n Deportiva Ebone\"},\"image\":{\"@id\":\"https:\/\/ebone.es\/catedra\/#\/schema\/logo\/image\/\"}}]}<\/script>\n<!-- \/ Yoast SEO plugin. -->","yoast_head_json":{"title":"Presentar ponencia | C\u00e1tedra Innovaci\u00f3n Deportiva Ebone","robots":{"index":"index","follow":"follow","max-snippet":"max-snippet:-1","max-image-preview":"max-image-preview:large","max-video-preview":"max-video-preview:-1"},"canonical":"https:\/\/ebone.es\/catedra\/congreso-cide-2025\/presentar-ponencia\/","og_locale":"es_ES","og_type":"article","og_title":"Presentar ponencia | C\u00e1tedra Innovaci\u00f3n Deportiva Ebone","og_description":"Presentaci\u00f3n de trabajos","og_url":"https:\/\/ebone.es\/catedra\/congreso-cide-2025\/presentar-ponencia\/","og_site_name":"C\u00e1tedra Innovaci\u00f3n Deportiva Ebone","article_modified_time":"2024-11-05T11:43:04+00:00","twitter_card":"summary_large_image","twitter_misc":{"Tiempo de lectura":"1 minuto"},"schema":{"@context":"https:\/\/schema.org","@graph":[{"@type":"WebPage","@id":"https:\/\/ebone.es\/catedra\/congreso-cide-2025\/presentar-ponencia\/","url":"https:\/\/ebone.es\/catedra\/congreso-cide-2025\/presentar-ponencia\/","name":"Presentar ponencia | C\u00e1tedra Innovaci\u00f3n Deportiva Ebone","isPartOf":{"@id":"https:\/\/ebone.es\/catedra\/#website"},"datePublished":"2024-11-05T09:17:33+00:00","dateModified":"2024-11-05T11:43:04+00:00","breadcrumb":{"@id":"https:\/\/ebone.es\/catedra\/congreso-cide-2025\/presentar-ponencia\/#breadcrumb"},"inLanguage":"es","potentialAction":[{"@type":"ReadAction","target":["https:\/\/ebone.es\/catedra\/congreso-cide-2025\/presentar-ponencia\/"]}]},{"@type":"BreadcrumbList","@id":"https:\/\/ebone.es\/catedra\/congreso-cide-2025\/presentar-ponencia\/#breadcrumb","itemListElement":[{"@type":"ListItem","position":1,"name":"Portada","item":"https:\/\/ebone.es\/catedra\/"},{"@type":"ListItem","position":2,"name":"Congreso CIDE 2025","item":"https:\/\/ebone.es\/catedra\/congreso-cide-2025\/"},{"@type":"ListItem","position":3,"name":"Presentar ponencia"}]},{"@type":"WebSite","@id":"https:\/\/ebone.es\/catedra\/#website","url":"https:\/\/ebone.es\/catedra\/","name":"C\u00e1tedra Innovaci\u00f3n Deportiva Ebone","description":"","publisher":{"@id":"https:\/\/ebone.es\/catedra\/#organization"},"potentialAction":[{"@type":"SearchAction","target":{"@type":"EntryPoint","urlTemplate":"https:\/\/ebone.es\/catedra\/?s={search_term_string}"},"query-input":{"@type":"PropertyValueSpecification","valueRequired":true,"valueName":"search_term_string"}}],"inLanguage":"es"},{"@type":"Organization","@id":"https:\/\/ebone.es\/catedra\/#organization","name":"C\u00e1tedra en Innovaci\u00f3n Deportiva Ebone","url":"https:\/\/ebone.es\/catedra\/","logo":{"@type":"ImageObject","inLanguage":"es","@id":"https:\/\/ebone.es\/catedra\/#\/schema\/logo\/image\/","url":"https:\/\/ebone.es\/catedra\/wp-content\/uploads\/2019\/07\/logo-sticky.png","contentUrl":"https:\/\/ebone.es\/catedra\/wp-content\/uploads\/2019\/07\/logo-sticky.png","width":183,"height":51,"caption":"C\u00e1tedra en Innovaci\u00f3n Deportiva Ebone"},"image":{"@id":"https:\/\/ebone.es\/catedra\/#\/schema\/logo\/image\/"}}]}},"_links":{"self":[{"href":"https:\/\/ebone.es\/catedra\/wp-json\/wp\/v2\/pages\/4289","targetHints":{"allow":["GET"]}}],"collection":[{"href":"https:\/\/ebone.es\/catedra\/wp-json\/wp\/v2\/pages"}],"about":[{"href":"https:\/\/ebone.es\/catedra\/wp-json\/wp\/v2\/types\/page"}],"author":[{"embeddable":true,"href":"https:\/\/ebone.es\/catedra\/wp-json\/wp\/v2\/users\/2"}],"replies":[{"embeddable":true,"href":"https:\/\/ebone.es\/catedra\/wp-json\/wp\/v2\/comments?post=4289"}],"version-history":[{"count":73,"href":"https:\/\/ebone.es\/catedra\/wp-json\/wp\/v2\/pages\/4289\/revisions"}],"predecessor-version":[{"id":4364,"href":"https:\/\/ebone.es\/catedra\/wp-json\/wp\/v2\/pages\/4289\/revisions\/4364"}],"up":[{"embeddable":true,"href":"https:\/\/ebone.es\/catedra\/wp-json\/wp\/v2\/pages\/2004"}],"wp:attachment":[{"href":"https:\/\/ebone.es\/catedra\/wp-json\/wp\/v2\/media?parent=4289"}],"curies":[{"name":"wp","href":"https:\/\/api.w.org\/{rel}","templated":true}]}}